{"id":462,"date":"2025-10-02T11:04:35","date_gmt":"2025-10-02T10:04:35","guid":{"rendered":"https:\/\/lacasadelsole.fr\/?page_id=462"},"modified":"2025-11-28T12:04:13","modified_gmt":"2025-11-28T11:04:13","slug":"la-carte","status":"publish","type":"page","link":"https:\/\/lacasadelsole.fr\/en\/la-carte\/","title":{"rendered":"Menu"},"content":{"rendered":"<div data-elementor-type=\"wp-page\" data-elementor-id=\"462\" class=\"elementor elementor-462\" data-elementor-post-type=\"page\">\n\t\t\t\t<div data-particle_enable=\"false\" data-particle-mobile-disabled=\"false\" class=\"elementor-element elementor-element-331ae8c e-flex e-con-boxed e-con e-parent\" data-id=\"331ae8c\" data-element_type=\"container\" data-settings=\"{&quot;background_background&quot;:&quot;classic&quot;,&quot;background_motion_fx_motion_fx_scrolling&quot;:&quot;yes&quot;,&quot;background_motion_fx_translateY_effect&quot;:&quot;yes&quot;,&quot;background_motion_fx_translateY_speed&quot;:{&quot;unit&quot;:&quot;px&quot;,&quot;size&quot;:4,&quot;sizes&quot;:[]},&quot;background_motion_fx_translateY_affectedRange&quot;:{&quot;unit&quot;:&quot;%&quot;,&quot;size&quot;:&quot;&quot;,&quot;sizes&quot;:{&quot;start&quot;:0,&quot;end&quot;:100}},&quot;background_motion_fx_devices&quot;:[&quot;desktop&quot;,&quot;tablet&quot;,&quot;mobile&quot;]}\">\n\t\t\t\t\t<div class=\"e-con-inner\">\n\t\t<div data-particle_enable=\"false\" data-particle-mobile-disabled=\"false\" class=\"elementor-element elementor-element-8e344c7 e-con-full e-flex e-con e-child\" data-id=\"8e344c7\" data-element_type=\"container\">\n\t\t\t\t<div class=\"elementor-element elementor-element-cfda46e elementor-invisible elementor-widget elementor-widget-image\" data-id=\"cfda46e\" data-element_type=\"widget\" data-settings=\"{&quot;_animation&quot;:&quot;fadeInUp&quot;}\" data-widget_type=\"image.default\">\n\t\t\t\t\t\t\t\t\t\t\t\t\t\t\t<img fetchpriority=\"high\" decoding=\"async\" width=\"273\" height=\"295\" src=\"https:\/\/lacasadelsole.fr\/wp-content\/uploads\/2025\/07\/Favicon-LaCasa.svg\" class=\"attachment-large size-large wp-image-12\" alt=\"Favicon lacasa\" \/>\t\t\t\t\t\t\t\t\t\t\t\t\t\t\t<\/div>\n\t\t\t\t<div class=\"elementor-element elementor-element-b5c3fde elementor-invisible elementor-widget elementor-widget-text-editor\" data-id=\"b5c3fde\" data-element_type=\"widget\" data-settings=\"{&quot;_animation&quot;:&quot;fadeInUp&quot;,&quot;_animation_delay&quot;:100}\" data-widget_type=\"text-editor.default\">\n\t\t\t\t\t\t\t\t\t<p>La Casa &#8211; Restaurant Pizzeria \u00e0 Laval<\/p>\t\t\t\t\t\t\t\t<\/div>\n\t\t\t\t<div class=\"elementor-element elementor-element-9f6f99c elementor-invisible elementor-widget elementor-widget-heading\" data-id=\"9f6f99c\" data-element_type=\"widget\" data-settings=\"{&quot;_animation&quot;:&quot;fadeInUp&quot;,&quot;_animation_delay&quot;:200}\" data-widget_type=\"heading.default\">\n\t\t\t\t\t<h2 class=\"elementor-heading-title elementor-size-default\">LA CARTE<\/h2>\t\t\t\t<\/div>\n\t\t\t\t<\/div>\n\t\t\t\t\t<\/div>\n\t\t\t\t<\/div>\n\t\t<div data-particle_enable=\"false\" data-particle-mobile-disabled=\"false\" class=\"elementor-element elementor-element-a6d7868 e-flex e-con-boxed e-con e-parent\" data-id=\"a6d7868\" data-element_type=\"container\" data-settings=\"{&quot;background_background&quot;:&quot;classic&quot;}\">\n\t\t\t\t\t<div class=\"e-con-inner\">\n\t\t<div data-particle_enable=\"false\" data-particle-mobile-disabled=\"false\" class=\"elementor-element elementor-element-57e396b e-grid e-con-full e-con e-child\" data-id=\"57e396b\" data-element_type=\"container\">\n\t\t<div data-particle_enable=\"false\" data-particle-mobile-disabled=\"false\" class=\"elementor-element elementor-element-76da673 e-con-full e-flex e-con e-child\" data-id=\"76da673\" data-element_type=\"container\" data-settings=\"{&quot;background_background&quot;:&quot;classic&quot;}\">\n\t\t\t\t<div class=\"elementor-element elementor-element-c6e97be elementor-position-top elementor-widget elementor-widget-image-box\" data-id=\"c6e97be\" data-element_type=\"widget\" data-widget_type=\"image-box.default\">\n\t\t\t\t\t<div class=\"elementor-image-box-wrapper\"><figure class=\"elementor-image-box-img\"><a href=\"https:\/\/lacasadelsole.fr\/wp-content\/uploads\/2025\/10\/Menu-LaCasaDelSole.pdf\" target=\"_blank\" tabindex=\"-1\"><img decoding=\"async\" width=\"1200\" height=\"1800\" src=\"https:\/\/lacasadelsole.fr\/wp-content\/uploads\/2025\/10\/DSC06597.jpg\" class=\"attachment-full size-full wp-image-618\" alt=\"Dsc06597\" srcset=\"https:\/\/lacasadelsole.fr\/wp-content\/uploads\/2025\/10\/DSC06597.jpg 1200w, https:\/\/lacasadelsole.fr\/wp-content\/uploads\/2025\/10\/DSC06597-200x300.jpg 200w, https:\/\/lacasadelsole.fr\/wp-content\/uploads\/2025\/10\/DSC06597-683x1024.jpg 683w, https:\/\/lacasadelsole.fr\/wp-content\/uploads\/2025\/10\/DSC06597-768x1152.jpg 768w, https:\/\/lacasadelsole.fr\/wp-content\/uploads\/2025\/10\/DSC06597-1024x1536.jpg 1024w\" sizes=\"(max-width: 1200px) 100vw, 1200px\" \/><\/a><\/figure><div class=\"elementor-image-box-content\"><h3 class=\"elementor-image-box-title\"><a href=\"https:\/\/lacasadelsole.fr\/wp-content\/uploads\/2025\/10\/Menu-LaCasaDelSole.pdf\" target=\"_blank\">Carte des plats<\/a><\/h3><\/div><\/div>\t\t\t\t<\/div>\n\t\t\t\t<\/div>\n\t\t<div data-particle_enable=\"false\" data-particle-mobile-disabled=\"false\" class=\"elementor-element elementor-element-baece02 e-con-full e-flex e-con e-child\" data-id=\"baece02\" data-element_type=\"container\" data-settings=\"{&quot;background_background&quot;:&quot;classic&quot;}\">\n\t\t\t\t<div class=\"elementor-element elementor-element-7daaeec elementor-position-top elementor-widget elementor-widget-image-box\" data-id=\"7daaeec\" data-element_type=\"widget\" data-widget_type=\"image-box.default\">\n\t\t\t\t\t<div class=\"elementor-image-box-wrapper\"><figure class=\"elementor-image-box-img\"><a href=\"https:\/\/lacasadelsole.fr\/wp-content\/uploads\/2025\/11\/Carte-des-Boissons.pdf\" target=\"_blank\" tabindex=\"-1\"><img decoding=\"async\" width=\"1066\" height=\"1600\" src=\"https:\/\/lacasadelsole.fr\/wp-content\/uploads\/2025\/10\/WhatsApp-Image-2025-10-02-at-14.32.47.jpeg\" class=\"attachment-full size-full wp-image-554\" alt=\"Whatsapp image 2025 10 02 at 14.32.47\" srcset=\"https:\/\/lacasadelsole.fr\/wp-content\/uploads\/2025\/10\/WhatsApp-Image-2025-10-02-at-14.32.47.jpeg 1066w, https:\/\/lacasadelsole.fr\/wp-content\/uploads\/2025\/10\/WhatsApp-Image-2025-10-02-at-14.32.47-200x300.jpeg 200w, https:\/\/lacasadelsole.fr\/wp-content\/uploads\/2025\/10\/WhatsApp-Image-2025-10-02-at-14.32.47-682x1024.jpeg 682w, https:\/\/lacasadelsole.fr\/wp-content\/uploads\/2025\/10\/WhatsApp-Image-2025-10-02-at-14.32.47-768x1153.jpeg 768w, https:\/\/lacasadelsole.fr\/wp-content\/uploads\/2025\/10\/WhatsApp-Image-2025-10-02-at-14.32.47-1023x1536.jpeg 1023w\" sizes=\"(max-width: 1066px) 100vw, 1066px\" \/><\/a><\/figure><div class=\"elementor-image-box-content\"><h3 class=\"elementor-image-box-title\"><a href=\"https:\/\/lacasadelsole.fr\/wp-content\/uploads\/2025\/11\/Carte-des-Boissons.pdf\" target=\"_blank\">Carte des boissons<\/a><\/h3><\/div><\/div>\t\t\t\t<\/div>\n\t\t\t\t<\/div>\n\t\t\t\t<\/div>\n\t\t\t\t\t<\/div>\n\t\t\t\t<\/div>\n\t\t<div data-particle_enable=\"false\" data-particle-mobile-disabled=\"false\" class=\"elementor-element elementor-element-1bb7555 e-flex e-con-boxed e-con e-parent\" data-id=\"1bb7555\" data-element_type=\"container\" data-settings=\"{&quot;background_background&quot;:&quot;classic&quot;}\">\n\t\t\t\t\t<div class=\"e-con-inner\">\n\t\t<div data-particle_enable=\"false\" data-particle-mobile-disabled=\"false\" class=\"elementor-element elementor-element-dfa1697 e-con-full e-flex e-con e-child\" data-id=\"dfa1697\" data-element_type=\"container\">\n\t\t\t\t<div class=\"elementor-element elementor-element-6625754 elementor-invisible elementor-widget elementor-widget-heading\" data-id=\"6625754\" data-element_type=\"widget\" data-settings=\"{&quot;_animation&quot;:&quot;fadeInUp&quot;,&quot;_animation_delay&quot;:200}\" data-widget_type=\"heading.default\">\n\t\t\t\t\t<h2 class=\"elementor-heading-title elementor-size-default\">So, have we booked a table for you?<\/h2>\t\t\t\t<\/div>\n\t\t\t\t<div class=\"elementor-element elementor-element-315f291 elementor-widget-divider--view-line elementor-widget elementor-widget-divider\" data-id=\"315f291\" data-element_type=\"widget\" data-widget_type=\"divider.default\">\n\t\t\t\t\t\t\t<div class=\"elementor-divider\">\n\t\t\t<span class=\"elementor-divider-separator\">\n\t\t\t\t\t\t<\/span>\n\t\t<\/div>\n\t\t\t\t\t\t<\/div>\n\t\t\t\t<div class=\"elementor-element elementor-element-f0c1294 elementor-invisible elementor-widget elementor-widget-heading\" data-id=\"f0c1294\" data-element_type=\"widget\" data-settings=\"{&quot;_animation&quot;:&quot;fadeInUp&quot;,&quot;_animation_delay&quot;:200}\" data-widget_type=\"heading.default\">\n\t\t\t\t\t<h2 class=\"elementor-heading-title elementor-size-default\">Open 7 days a week<\/h2>\t\t\t\t<\/div>\n\t\t\t\t<div class=\"elementor-element elementor-element-13ad59a elementor-invisible elementor-widget elementor-widget-text-editor\" data-id=\"13ad59a\" data-element_type=\"widget\" data-settings=\"{&quot;_animation&quot;:&quot;fadeInUp&quot;,&quot;_animation_delay&quot;:400}\" data-widget_type=\"text-editor.default\">\n\t\t\t\t\t\t\t\t\t<p><strong>Monday to Thursday :\u00a0<\/strong>12.00\/14.00 - 19.00\/23.00<\/p><p><strong>Friday\/Saturday : <\/strong>12h00\/23h00<\/p><p><strong>Sunday: <\/strong>7.00 p.m.\/11.00 p.m.<\/p>\t\t\t\t\t\t\t\t<\/div>\n\t\t\t\t<div class=\"elementor-element elementor-element-3b875bb elementor-invisible elementor-widget elementor-widget-heading\" data-id=\"3b875bb\" data-element_type=\"widget\" data-settings=\"{&quot;_animation&quot;:&quot;fadeInUp&quot;,&quot;_animation_delay&quot;:200}\" data-widget_type=\"heading.default\">\n\t\t\t\t\t<h2 class=\"elementor-heading-title elementor-size-default\">Book your table!<\/h2>\t\t\t\t<\/div>\n\t\t\t\t<div class=\"elementor-element elementor-element-af9d5d0 elementor-widget elementor-widget-button\" data-id=\"af9d5d0\" data-element_type=\"widget\" data-widget_type=\"button.default\">\n\t\t\t\t\t\t\t\t\t\t<a class=\"elementor-button elementor-button-link elementor-size-sm\" href=\"tel:0243490487\">\n\t\t\t\t\t\t<span class=\"elementor-button-content-wrapper\">\n\t\t\t\t\t\t<span class=\"elementor-button-icon\">\n\t\t\t\t<svg aria-hidden=\"true\" class=\"e-font-icon-svg e-fas-phone-alt\" viewbox=\"0 0 512 512\" xmlns=\"http:\/\/www.w3.org\/2000\/svg\"><path d=\"M497.39 361.8l-112-48a24 24 0 0 0-28 6.9l-49.6 60.6A370.66 370.66 0 0 1 130.6 204.11l60.6-49.6a23.94 23.94 0 0 0 6.9-28l-48-112A24.16 24.16 0 0 0 122.6.61l-104 24A24 24 0 0 0 0 48c0 256.5 207.9 464 464 464a24 24 0 0 0 23.4-18.6l24-104a24.29 24.29 0 0 0-14.01-27.6z\"><\/path><\/svg>\t\t\t<\/span>\n\t\t\t\t\t\t\t\t\t<span class=\"elementor-button-text\">02 43 49 04 87<\/span>\n\t\t\t\t\t<\/span>\n\t\t\t\t\t<\/a>\n\t\t\t\t\t\t\t\t<\/div>\n\t\t\t\t<\/div>\n\t\t<div data-particle_enable=\"false\" data-particle-mobile-disabled=\"false\" class=\"elementor-element elementor-element-f37b90c e-con-full e-flex e-con e-child\" data-id=\"f37b90c\" data-element_type=\"container\">\n\t\t\t\t<div class=\"elementor-element elementor-element-fc8d654 elementor-widget elementor-widget-google_maps\" data-id=\"fc8d654\" data-element_type=\"widget\" data-widget_type=\"google_maps.default\">\n\t\t\t\t\t\t\t<div class=\"elementor-custom-embed\">\n\t\t\t<iframe loading=\"lazy\"\n\t\t\t\t\tsrc=\"https:\/\/maps.google.com\/maps?q=La%20Casa%20Del%20Sole%20Laval&#038;t=m&#038;z=16&#038;output=embed&#038;iwloc=near\"\n\t\t\t\t\ttitle=\"La Casa Del Sole Laval\"\n\t\t\t\t\taria-label=\"La Casa Del Sole Laval\"\n\t\t\t><\/iframe>\n\t\t<\/div>\n\t\t\t\t\t\t<\/div>\n\t\t\t\t<\/div>\n\t\t\t\t\t<\/div>\n\t\t\t\t<\/div>\n\t\t\t\t<\/div>","protected":false},"excerpt":{"rendered":"<p>La Casa &#8211; Restaurant Pizzeria \u00e0 Laval LA CARTE Carte des plats Carte des boissons Alors, on vous r\u00e9serve une table ? Ouvert 7 jours sur 7 Du lundi au jeudi :\u00a012h00\/14h00 &#8211; 19h00\/23h00 Vendredi\/samedi : 12h00\/23h00 Dimanche : 19h00\/23h00 R\u00e9servez votre table ! 02 43 49 04 87<\/p>","protected":false},"author":1,"featured_media":0,"parent":0,"menu_order":0,"comment_status":"closed","ping_status":"closed","template":"","meta":{"slim_seo":{"title":"La Carte - La Casa del Sole - Restaurant Italien \u00e0 Laval (53)","description":"La Casa - Restaurant Pizzeria \u00e0 Laval LA CARTE Carte des plats Carte des boissons Alors, on vous r\u00e9serve une table ? Ouvert 7 jours sur 7 Du lundi au jeudi :\u00a0 1"},"entree":"Bricks au thon et \u00e0 l'oeuf","plat":"Blanquette de veau, parmesan, pesto, julienne de l\u00e9gumes","pizza":"Base Tomate, Chorizo, Lardons, Ch\u00e8vre","dessert":"","date_du_menu":"23\/10\/2025 07:47:03","footnotes":""},"class_list":["post-462","page","type-page","status-publish","hentry"],"_links":{"self":[{"href":"https:\/\/lacasadelsole.fr\/en\/wp-json\/wp\/v2\/pages\/462","targetHints":{"allow":["GET"]}}],"collection":[{"href":"https:\/\/lacasadelsole.fr\/en\/wp-json\/wp\/v2\/pages"}],"about":[{"href":"https:\/\/lacasadelsole.fr\/en\/wp-json\/wp\/v2\/types\/page"}],"author":[{"embeddable":true,"href":"https:\/\/lacasadelsole.fr\/en\/wp-json\/wp\/v2\/users\/1"}],"replies":[{"embeddable":true,"href":"https:\/\/lacasadelsole.fr\/en\/wp-json\/wp\/v2\/comments?post=462"}],"version-history":[{"count":124,"href":"https:\/\/lacasadelsole.fr\/en\/wp-json\/wp\/v2\/pages\/462\/revisions"}],"predecessor-version":[{"id":646,"href":"https:\/\/lacasadelsole.fr\/en\/wp-json\/wp\/v2\/pages\/462\/revisions\/646"}],"wp:attachment":[{"href":"https:\/\/lacasadelsole.fr\/en\/wp-json\/wp\/v2\/media?parent=462"}],"curies":[{"name":"wp","href":"https:\/\/api.w.org\/{rel}","templated":true}]}}